{"id":370,"date":"2020-11-15T16:09:02","date_gmt":"2020-11-15T15:09:02","guid":{"rendered":"https:\/\/okidok.ce-soft.info\/audincourt\/?page_id=370"},"modified":"2024-05-21T11:53:21","modified_gmt":"2024-05-21T09:53:21","slug":"mentions-legales","status":"publish","type":"page","link":"https:\/\/okidok.fr\/audincourt\/mentions-legales\/","title":{"rendered":"Mentions l\u00e9gales &amp; CGV"},"content":{"rendered":"\n<h2 class=\"wp-block-heading\">Propri\u00e9taire :<\/h2>\n\n\n\n<p> LA BOITE AUX ENFANTS<br>10a bd Mo\u00efse Foglia<br>25400 AUDINCOURT<\/p>\n\n\n\n<h2 class=\"wp-block-heading\">Editeur :<\/h2>\n\n\n\n<p> LA BOITE AUX ENFANTS<br>10a bd Mo\u00efse Foglia<br>25400 AUDINCOURT<\/p>\n\n\n\n<p><\/p>\n\n\n\n<h2 class=\"wp-block-heading\">H\u00e9bergement du site :<\/h2>\n\n\n\n<p>Le site est h\u00e9berg\u00e9 par :<br>CE SOFT<br>5A Rue KLEB<br>68920 WETTOLSHEIM<br>France<\/p>\n\n\n\n<h2 class=\"wp-block-heading\">Important :<\/h2>\n\n\n\n<p>Les droits de propri\u00e9t\u00e9 intellectuelle aff\u00e9rents au site okidok.fr\/audincourt appartiennent \u00e0 LA BOITE AUX ENFANTS<br>Toute utilisation, reproduction, diffusion, commercialisation, modification de toute ou partie du site, sans l\u2019autorisation de Alexandre WEISS est prohib\u00e9e et pourra entra\u00eener des actions et poursuites judiciaires telles que notamment pr\u00e9vues par le code de la propri\u00e9t\u00e9 intellectuelle et\/ou le code civil.<\/p>\n\n\n\n<p><strong>CONDITIONS COMMUNES OKIDOK, APPLICABLES A LA RESERVATION ET A L\u2019ACHAT DE BILLETTERIE ET DE PRESTATIONS<\/strong><\/p>\n\n\n\n<p>La soci\u00e9t\u00e9 SAS LA BO\u00ceTE AUX ENFANTS poss\u00e8de et exploite les Gulli Parc, Taho &amp; Lina, Kidzy, Woupi, la For\u00eat Enchant\u00e9e, Fun City Cannes &amp; Dorlisheim, Kiddy Teuf, Sp\u00e9cial kids et Okidok parcs de loisirs et de jeux indoor pour les enfants de moins de 12 ans et leurs parents.&nbsp;<\/p>\n\n\n\n<p>Les pr\u00e9sentes dispositions r\u00e9gissent les relations contractuelles entre le client et LA BO\u00ceTE AUX ENFANTS, \u00e0 l\u2019occasion de r\u00e9servation de titres d\u2019acc\u00e8s aux espaces de loisirs de la Bo\u00eete aux Enfants, \u00e0 leurs ateliers et \u00e9v\u00e9nements, aux prestations d\u2019anniversaires, d\u2019arbres de No\u00ebl et \u00e0 toutes prestations associ\u00e9es telles que propos\u00e9es dans leurs diff\u00e9rents supports d\u2019information.<\/p>\n\n\n\n<ol class=\"wp-block-list\">\n<li><strong>TARIFS&nbsp;<\/strong><\/li>\n<\/ol>\n\n\n\n<p>Les prix vis\u00e9s par les pr\u00e9sentes sont exprim\u00e9s en euros et \u00e9tablis sur la base des taxes en vigueur \u00e0 la date de passation de la commande. Les prix ne pourront \u00eatre modifi\u00e9s du seul fait de La Bo\u00eete aux Enfants apr\u00e8s la date de passation de la commande du client d\u00fbment confirm\u00e9e par LA BOITE AUX ENFANTS conform\u00e9ment aux dispositions contenues dans les pr\u00e9sentes ou de l\u2019achat des titres d\u2019entr\u00e9e individuels \u00e0 l\u2019accueil des parcs, par Internet ou aupr\u00e8s de tiers avec qui LA BO\u00ceTE AUX ENFANTS a pass\u00e9 un accord de distribution. Nonobstant ce qui pr\u00e9c\u00e8de, les prix sont susceptibles d\u2019\u00eatre modifi\u00e9s \u00e0 tout moment par LA BO\u00ceTE AUX ENFANTS&nbsp;en cas de variation des taxes applicables.<\/p>\n\n\n\n<ol class=\"wp-block-list\">\n<li><strong>Billetterie&nbsp;:&nbsp;<\/strong><\/li>\n<\/ol>\n\n\n\n<p>Les prix comprennent le droit d\u2019acc\u00e8s aux espaces de loisirs des parcs&nbsp;pour une dur\u00e9e illimit\u00e9e. Ils ne comprennent pas certains jeux \u00e0 jetons, les repas, ou toute autre d\u00e9pense \u00e0 caract\u00e8re personnel.&nbsp;Lorsque les conditions tarifaires sont li\u00e9es \u00e0 l\u2019\u00e2ge du ou des enfants, un justificatif de l\u2019\u00e2ge des enfants peut \u00eatre demand\u00e9. A d\u00e9faut de pr\u00e9sentation du justificatif, il est fait application du tarif des enfants les plus \u00e2g\u00e9s.&nbsp;<\/p>\n\n\n\n<p>Tout achat de billetterie individuelle&nbsp;se fait en parc, par Internet sur les sites internet des enseignes, ou&nbsp;aupr\u00e8s de tiers avec qui LA BOITE AUX ENFANTS&nbsp;a pass\u00e9 un accord de distribution.<\/p>\n\n\n\n<p>Achats en ligne&nbsp;: A d\u00e9faut de toute notification contraire lors de l\u2019achat, les titres d\u2019entr\u00e9e non dat\u00e9s sont valables jusqu\u2019au 30 septembre de l\u2019ann\u00e9e en cours. Ils ne peuvent, pour quelque motif que ce soit, faire l\u2019objet d\u2019un remboursement. L\u2019achat de titres d\u2019entr\u00e9e non dat\u00e9s ne garantit pas l\u2019acc\u00e8s aux parcs en cas de forte affluence.&nbsp;<\/p>\n\n\n\n<p>Les titres d\u2019entr\u00e9e aux ateliers et \u00e9v\u00e9nements sp\u00e9cifiques ne sont valables que pour la date, l\u2019atelier ou l\u2019\u00e9v\u00e9nement indiqu\u00e9. Ils peuvent \u00eatre modifi\u00e9s ou annul\u00e9s et rembours\u00e9s jusqu\u2019\u00e0 la veille de la visite pr\u00e9vue si, et seulement si, l\u2019achat a \u00e9t\u00e9 effectu\u00e9 sur l\u2019un de nos sites internet, \u00e0 l\u2019exception des Billets Malins qui ne sont ni \u00e9changeables, ni remboursables. Si l\u2019achat d\u2019un de ces titres a \u00e9t\u00e9 effectu\u00e9 d\u2019une autre mani\u00e8re, Ils ne peuvent, pour quelque motif que ce soit, faire l\u2019objet d\u2019un \u00e9change ou d\u2019un remboursement. L\u2019achat de titres d\u2019entr\u00e9e dat\u00e9s garantit l\u2019acc\u00e8s aux parcs \/\u00e0 leurs ateliers\/\u00e9v\u00e9nements m\u00eame en cas de forte affluence.<\/p>\n\n\n\n<p>Seules les visites de groupe et les prestations \u00e9v\u00e9nementielles (c\u00e9l\u00e9brations d\u2019anniversaire, f\u00eates d\u2019entreprise, arbres de No\u00ebl) donnent lieu \u00e0 une commande, une facturation et un paiement sp\u00e9cifique.<\/p>\n\n\n\n<ul class=\"wp-block-list\">\n<li><strong>VISITES DE GROUPE<\/strong><\/li>\n<\/ul>\n\n\n\n<p>Toute commande de groupe pr\u00e9cise obligatoirement le nombre de visiteurs&nbsp;(enfants de moins de&nbsp;3ans, de 3 \u00e0 12 ans et accompagnants) et, le cas \u00e9ch\u00e9ant, les autres prestations (restauration, jetons, articles boutique) souhait\u00e9es.&nbsp;La facture est \u00e9mise le jour de la visite, en fonction du nombre de visiteurs (enfants pr\u00e9sents de moins de 3 ans, de 3 \u00e0 12 ans et accompagnants) et des prestations consomm\u00e9es. Dans le cas o\u00f9 un groupe se pr\u00e9senterait directement dans les parcs sans avoir pr\u00e9alablement r\u00e9serv\u00e9, il ne sera pas garanti de pouvoir y acc\u00e9der.&nbsp;<\/p>\n\n\n\n<p><strong>2.1. Modalit\u00e9s de paiement<\/strong><\/p>\n\n\n\n<p>Les factures d\u00e9finitives \u00e9mises par LA BOITE AUX ENFANTS&nbsp;sont exigibles d\u00e8s leur date d\u2019\u00e9mission.&nbsp;Pour les personnes morales de droit public, le r\u00e8glement par mandat administratif est effectu\u00e9 sur le fondement de l\u2019engagement de r\u00e8glement mat\u00e9rialis\u00e9 par le bon de commande adress\u00e9 par le client \u00e0 LA BOITE AUX ENFANTS. La facture devra \u00eatre sold\u00e9e sous 30 jours \u00e0 compter de sa date d\u2019\u00e9mission (50 jours pour les \u00e9tablissements publics de sant\u00e9).<\/p>\n\n\n\n<p><strong>2.2. Modification ou annulation de visite de groupe&nbsp;<\/strong><\/p>\n\n\n\n<p>En cas de demande de modification \u00e0 la baisse du nombre de participants, le montant de la facture sera ajust\u00e9 en cons\u00e9quence.&nbsp;En cas de modification \u00e0 la hausse du nombre de participants et\/ou en cas de modifications de la r\u00e9partition des participants (notamment r\u00e9partition adultes\/enfants), le montant de la facture sera ajust\u00e9 en cons\u00e9quence.&nbsp;Il est pr\u00e9cis\u00e9 que les \u00e9ventuelles gratuit\u00e9s accord\u00e9es au client seront \u00e9galement ajust\u00e9es.<\/p>\n\n\n\n<p><strong>2.3. Avoir&nbsp;<\/strong><\/p>\n\n\n\n<p>L\u2019avoir \u00e9mis n\u2019est utilisable que jusqu\u2019au 30 septembre suivant sa date d\u2019\u00e9mission et uniquement aux fins de paiement d\u2019une r\u00e9servation similaire \u00e0 celle \u00e9tant \u00e0 l\u2019origine de son \u00e9mission. L\u2019avoir \u00e9mis n\u2019est en aucun cas remboursable et n\u2019est en aucun cas cessible.<\/p>\n\n\n\n<ul class=\"wp-block-list\">\n<li><strong>ANNIVERSAIRES<\/strong><\/li>\n\n\n\n<li><strong>Modalit\u00e9s de paiement&nbsp;<\/strong><\/li>\n<\/ul>\n\n\n\n<p>Les r\u00e9servations se font par internet sur les sites des enseignes de la Bo\u00eete aux Enfants ou directement sur place dans les parcs.&nbsp;La date ne sera effectivement et d\u00e9finitivement r\u00e9serv\u00e9e qu\u2019\u00e0 r\u00e9ception du r\u00e8glement dans un d\u00e9lai de 7 jours maximum suivant la r\u00e9servation. Les r\u00e8glements se font sur place, \u00e0 la fin de l\u2019anniversaire, par esp\u00e8ces ou par carte bancaire. Les anniversaires sont soumis \u00e0 un taux de TVA de 10% d\u2019une part et \u00e0 un taux de TVA de 20% d\u2019autre part.<\/p>\n\n\n\n<ul class=\"wp-block-list\">\n<li><strong>Conditions de modification ou d\u2019annulation relatives aux anniversaires<\/strong><\/li>\n\n\n\n<li><strong>Modification&nbsp;<\/strong><\/li>\n<\/ul>\n\n\n\n<p>La modification du nombre de participants, au-del\u00e0 du nombre minimum,&nbsp;entrainera un ajustement du prix de la prestation qui est calcul\u00e9 de la fa\u00e7on suivante :<\/p>\n\n\n\n<p>Forfait de base minimum = Prix par enfant de la formule choisie, multipli\u00e9 par&nbsp;le nombre minimum d\u2019enfants indiqu\u00e9 dans la formule, soit&nbsp;8 pour tous les anniversaires auquel s\u2019ajoute le prix par enfant de la formule choisie multipli\u00e9 par le nombre d\u2019enfants au-del\u00e0 de 8.<\/p>\n\n\n\n<ul class=\"wp-block-list\">\n<li><strong>Annulation de r\u00e9servation<\/strong><\/li>\n<\/ul>\n\n\n\n<p>Si l\u2019annulation a lieu plus de 14 jours calendaires avant la date r\u00e9serv\u00e9e, l\u2019acompte sera report\u00e9 sur une autre r\u00e9servation d\u2019anniversaire, ou rembours\u00e9 (par ch\u00e8que bancaire ou virement).<\/p>\n\n\n\n<p>Si l\u2019annulation a lieu moins de 14 jours calendaires avant la date r\u00e9serv\u00e9e, l\u2019acompte sera report\u00e9 sur une autre r\u00e9servation d\u2019anniversaire. Il n\u2019y a pas d\u2019avoir sur les anniversaires.<\/p>\n\n\n\n<p>Si l\u2019annulation a lieu moins de 2 jours calendaires avant la date r\u00e9serv\u00e9e, la r\u00e9servation ne pourra plus \u00eatre report\u00e9e&nbsp;et l\u2019acompte restera acquis \u00e0 La Bo\u00eete aux Enfants.<\/p>\n\n\n\n<ul class=\"wp-block-list\">\n<li><strong>MENUS ET TARIFICATION&nbsp;<\/strong><\/li>\n<\/ul>\n\n\n\n<p>Tous les prix sont en euros, taxes et service compris. Les menus et les tarifs qui s\u2019y rapportent sont fournis \u00e0 titre indicatif et peuvent varier en fonction des approvisionnements.&nbsp;<\/p>\n\n\n\n<ul class=\"wp-block-list\">\n<li><strong>DROITS DE PROPRIETE INTELLECTUELLE&nbsp;&nbsp;&nbsp;<\/strong><\/li>\n<\/ul>\n\n\n\n<p>Le client n\u2019acquiert aucun droit de propri\u00e9t\u00e9 ou d\u2019usage et ne pourra utiliser les d\u00e9nominations, signes, embl\u00e8mes, logos, marques, droit d\u2019auteur et autres signes ou autres droits de propri\u00e9t\u00e9 litt\u00e9raire, artistique ou industrielle de La Boite aux Enfants ou des entit\u00e9s juridiques propri\u00e9taires des personnages repr\u00e9sent\u00e9s dans la communication des parcs.&nbsp;<\/p>\n\n\n\n<ul class=\"wp-block-list\">\n<li><strong>FORCE MAJEURE&nbsp;<\/strong><\/li>\n<\/ul>\n\n\n\n<p>La Direction de LA BOITE AUX ENFANTS se r\u00e9serve le droit d\u2019annuler toute r\u00e9servation si des \u00e9v\u00e9nements de force majeure ou de cas fortuits l\u2019y contraignaient, tels que, et sans que cette liste soit exhaustive : gr\u00e8ve, incendie, d\u00e9g\u00e2ts des eaux, impossibilit\u00e9 d\u2019acc\u00e8s, \u00e9pid\u00e9mie, d\u00e9cisions \u00e9manant d\u2019autorit\u00e9s, etc. Dans une telle hypoth\u00e8se, LA BOITE AUX ENFANTS peut proposer une autre date de venue sur le site.<\/p>\n\n\n\n<ul class=\"wp-block-list\">\n<li><strong>RESPONSABILITE&nbsp;<\/strong><\/li>\n<\/ul>\n\n\n\n<p>LA BOITE AUX ENFANTS d\u00e9cline toute responsabilit\u00e9 pour les dommages de quelque nature qu\u2019ils soient et, en particulier : incendie et\/ou vol, susceptibles d\u2019atteindre les effets, objets ou mat\u00e9riels apport\u00e9s par les visiteurs, qui n\u2019auraient pas fait l\u2019objet d\u2019un d\u00e9p\u00f4t dans des locaux r\u00e9serv\u00e9s \u00e0 cet effet. Chaque visiteur est responsable de tout dommage, direct ou indirect, qu\u2019il pourrait causer \u00e0 l\u2019occasion de sa pr\u00e9sence sur les espaces de loisirs.<\/p>\n\n\n\n<p>LA BOITE AUX ENFANTS appr\u00e9cie seule les conditions d\u2019exploitation et de maintenance des parcs. Elle d\u00e9cide notamment (i) de la fixation des jours et horaires d\u2019ouverture (ii) de la maintenance des \u00e9quipements dont LA BOITE AUX ENFANTS est propri\u00e9taire ou b\u00e9n\u00e9ficie d\u2019un droit d\u2019usage, ainsi que (iii) de l\u2019adoption des normes et r\u00e8gles concernant la sant\u00e9, la s\u00e9curit\u00e9 de ses \u00e9quipements et des services aux visiteurs des parcs. En particulier, LA BOITE AUX ENFANTS peut d\u00e9cider de fermer au public tout ou partie des parcs qu\u2019elle g\u00e8re et suspendre tout ou partie des services propos\u00e9s, pour toute la dur\u00e9e qu\u2019elle juge n\u00e9cessaire, en raison notamment, de questions ou op\u00e9rations li\u00e9es \u00e0 la s\u00e9curit\u00e9 ou la sant\u00e9 des visiteurs, \u00e0 la maintenance, \u00e0 la r\u00e9paration de tout ou partie des \u00e9quipements des parcs suite&nbsp;\u00e0 des intemp\u00e9ries, \u00e0 l\u2019ordre public, etc., sans pouvoir en \u00eatre tenue pour responsable et sans que le client puisse pr\u00e9tendre \u00e0 une indemnit\u00e9 de quelque nature que ce soit.<\/p>\n\n\n\n<ul class=\"wp-block-list\">\n<li><strong>R\u00e8glement int\u00e9rieur&nbsp;<\/strong><\/li>\n<\/ul>\n\n\n\n<p>Chaque visiteur doit se conformer au r\u00e8glement int\u00e9rieur du parc affich\u00e9 \u00e0 l\u2019entr\u00e9e. La direction des parcs est fond\u00e9e \u00e0 proc\u00e9der \u00e0 l\u2019expulsion de tout contrevenant sans recours possible. Les visiteurs expuls\u00e9s dans ce contexte ne peuvent en aucun cas obtenir le remboursement des titres d\u2019entr\u00e9es.<\/p>\n\n\n\n<ul class=\"wp-block-list\">\n<li><strong>R\u00e9clamations<\/strong><\/li>\n<\/ul>\n\n\n\n<p>Les r\u00e9clamations cons\u00e9cutives \u00e0 un diff\u00e9rend portant sur les modalit\u00e9s d\u2019ex\u00e9cution des prestations objets des pr\u00e9sentes doivent \u00eatre formul\u00e9es par \u00e9crit et adress\u00e9es aupr\u00e8s du service accueil visiteurs de LA BOITE AUX ENFANTS S.A \u2013 Relations Visiteurs \u2013 1, rue Gozlin, 75006 Paris \u2013 dans les quinze (15) jours suivants la visite dans le parc.<\/p>\n\n\n\n<p>Les r\u00e9clamations peuvent \u00e9galement \u00eatre formul\u00e9es sur le site m\u00eame des parcs,&nbsp;\u00e0 l\u2019accueil visiteurs.<\/p>\n\n\n\n<p>Afin d\u2019\u00e9viter toute contestation, le justificatif de visite (billets d\u2019entr\u00e9e, bons d\u2019\u00e9changes etc.) comportant le nombre de visiteurs&nbsp;du groupe familial sont sign\u00e9s le jour de la visite.<\/p>\n\n\n\n<ul class=\"wp-block-list\">\n<li><strong>Litiges&nbsp;<\/strong><\/li>\n<\/ul>\n\n\n\n<p>Les pr\u00e9sentes conditions g\u00e9n\u00e9rales de vente sont soumises, tant pour leur interpr\u00e9tation que pour<\/p>\n","protected":false},"excerpt":{"rendered":"<p>Propri\u00e9taire : LA BOITE AUX ENFANTS10a bd Mo\u00efse Foglia25400 AUDINCOURT Editeur : LA BOITE AUX ENFANTS10a bd Mo\u00efse Foglia25400 AUDINCOURT H\u00e9bergement du site : Le site est h\u00e9berg\u00e9 par :CE SOFT5A Rue KLEB68920 WETTOLSHEIMFrance Important : Les droits de propri\u00e9t\u00e9 intellectuelle aff\u00e9rents au site okidok.fr\/audincourt appartiennent \u00e0 LA BOITE AUX ENFANTSToute utilisation, reproduction, diffusion, commercialisation, [&hellip;]<\/p>\n","protected":false},"author":1,"featured_media":0,"parent":0,"menu_order":0,"comment_status":"closed","ping_status":"closed","template":"","meta":{"footnotes":""},"class_list":["post-370","page","type-page","status-publish","hentry"],"yoast_head":"<!-- This site is optimized with the Yoast SEO plugin v26.9 - https:\/\/yoast.com\/product\/yoast-seo-wordpress\/ -->\n<title>Mentions l\u00e9gales &amp; CGV - Audincourt<\/title>\n<meta name=\"robots\" content=\"index, follow, max-snippet:-1, max-image-preview:large, max-video-preview:-1\" \/>\n<link rel=\"canonical\" href=\"https:\/\/okidok.fr\/audincourt\/mentions-legales\/\" \/>\n<meta property=\"og:locale\" content=\"fr_FR\" \/>\n<meta property=\"og:type\" content=\"article\" \/>\n<meta property=\"og:title\" content=\"Mentions l\u00e9gales &amp; CGV - Audincourt\" \/>\n<meta property=\"og:description\" content=\"Propri\u00e9taire : LA BOITE AUX ENFANTS10a bd Mo\u00efse Foglia25400 AUDINCOURT Editeur : LA BOITE AUX ENFANTS10a bd Mo\u00efse Foglia25400 AUDINCOURT H\u00e9bergement du site : Le site est h\u00e9berg\u00e9 par :CE SOFT5A Rue KLEB68920 WETTOLSHEIMFrance Important : Les droits de propri\u00e9t\u00e9 intellectuelle aff\u00e9rents au site okidok.fr\/audincourt appartiennent \u00e0 LA BOITE AUX ENFANTSToute utilisation, reproduction, diffusion, commercialisation, [&hellip;]\" \/>\n<meta property=\"og:url\" content=\"https:\/\/okidok.fr\/audincourt\/mentions-legales\/\" \/>\n<meta property=\"og:site_name\" content=\"Audincourt\" \/>\n<meta property=\"article:modified_time\" content=\"2024-05-21T09:53:21+00:00\" \/>\n<meta name=\"twitter:card\" content=\"summary_large_image\" \/>\n<meta name=\"twitter:label1\" content=\"Dur\u00e9e de lecture estim\u00e9e\" \/>\n\t<meta name=\"twitter:data1\" content=\"9 minutes\" \/>\n<script type=\"application\/ld+json\" class=\"yoast-schema-graph\">{\"@context\":\"https:\/\/schema.org\",\"@graph\":[{\"@type\":\"WebPage\",\"@id\":\"https:\/\/okidok.fr\/audincourt\/mentions-legales\/\",\"url\":\"https:\/\/okidok.fr\/audincourt\/mentions-legales\/\",\"name\":\"Mentions l\u00e9gales &amp; CGV - Audincourt\",\"isPartOf\":{\"@id\":\"https:\/\/okidok.fr\/audincourt\/#website\"},\"datePublished\":\"2020-11-15T15:09:02+00:00\",\"dateModified\":\"2024-05-21T09:53:21+00:00\",\"breadcrumb\":{\"@id\":\"https:\/\/okidok.fr\/audincourt\/mentions-legales\/#breadcrumb\"},\"inLanguage\":\"fr-FR\",\"potentialAction\":[{\"@type\":\"ReadAction\",\"target\":[\"https:\/\/okidok.fr\/audincourt\/mentions-legales\/\"]}]},{\"@type\":\"BreadcrumbList\",\"@id\":\"https:\/\/okidok.fr\/audincourt\/mentions-legales\/#breadcrumb\",\"itemListElement\":[{\"@type\":\"ListItem\",\"position\":1,\"name\":\"Accueil\",\"item\":\"https:\/\/okidok.fr\/audincourt\/\"},{\"@type\":\"ListItem\",\"position\":2,\"name\":\"Mentions l\u00e9gales &amp; CGV\"}]},{\"@type\":\"WebSite\",\"@id\":\"https:\/\/okidok.fr\/audincourt\/#website\",\"url\":\"https:\/\/okidok.fr\/audincourt\/\",\"name\":\"Audincourt\",\"description\":\"Un parc OKIDOK\",\"potentialAction\":[{\"@type\":\"SearchAction\",\"target\":{\"@type\":\"EntryPoint\",\"urlTemplate\":\"https:\/\/okidok.fr\/audincourt\/?s={search_term_string}\"},\"query-input\":{\"@type\":\"PropertyValueSpecification\",\"valueRequired\":true,\"valueName\":\"search_term_string\"}}],\"inLanguage\":\"fr-FR\"}]}<\/script>\n<!-- \/ Yoast SEO plugin. -->","yoast_head_json":{"title":"Mentions l\u00e9gales &amp; CGV - Audincourt","robots":{"index":"index","follow":"follow","max-snippet":"max-snippet:-1","max-image-preview":"max-image-preview:large","max-video-preview":"max-video-preview:-1"},"canonical":"https:\/\/okidok.fr\/audincourt\/mentions-legales\/","og_locale":"fr_FR","og_type":"article","og_title":"Mentions l\u00e9gales &amp; CGV - Audincourt","og_description":"Propri\u00e9taire : LA BOITE AUX ENFANTS10a bd Mo\u00efse Foglia25400 AUDINCOURT Editeur : LA BOITE AUX ENFANTS10a bd Mo\u00efse Foglia25400 AUDINCOURT H\u00e9bergement du site : Le site est h\u00e9berg\u00e9 par :CE SOFT5A Rue KLEB68920 WETTOLSHEIMFrance Important : Les droits de propri\u00e9t\u00e9 intellectuelle aff\u00e9rents au site okidok.fr\/audincourt appartiennent \u00e0 LA BOITE AUX ENFANTSToute utilisation, reproduction, diffusion, commercialisation, [&hellip;]","og_url":"https:\/\/okidok.fr\/audincourt\/mentions-legales\/","og_site_name":"Audincourt","article_modified_time":"2024-05-21T09:53:21+00:00","twitter_card":"summary_large_image","twitter_misc":{"Dur\u00e9e de lecture estim\u00e9e":"9 minutes"},"schema":{"@context":"https:\/\/schema.org","@graph":[{"@type":"WebPage","@id":"https:\/\/okidok.fr\/audincourt\/mentions-legales\/","url":"https:\/\/okidok.fr\/audincourt\/mentions-legales\/","name":"Mentions l\u00e9gales &amp; CGV - Audincourt","isPartOf":{"@id":"https:\/\/okidok.fr\/audincourt\/#website"},"datePublished":"2020-11-15T15:09:02+00:00","dateModified":"2024-05-21T09:53:21+00:00","breadcrumb":{"@id":"https:\/\/okidok.fr\/audincourt\/mentions-legales\/#breadcrumb"},"inLanguage":"fr-FR","potentialAction":[{"@type":"ReadAction","target":["https:\/\/okidok.fr\/audincourt\/mentions-legales\/"]}]},{"@type":"BreadcrumbList","@id":"https:\/\/okidok.fr\/audincourt\/mentions-legales\/#breadcrumb","itemListElement":[{"@type":"ListItem","position":1,"name":"Accueil","item":"https:\/\/okidok.fr\/audincourt\/"},{"@type":"ListItem","position":2,"name":"Mentions l\u00e9gales &amp; CGV"}]},{"@type":"WebSite","@id":"https:\/\/okidok.fr\/audincourt\/#website","url":"https:\/\/okidok.fr\/audincourt\/","name":"Audincourt","description":"Un parc OKIDOK","potentialAction":[{"@type":"SearchAction","target":{"@type":"EntryPoint","urlTemplate":"https:\/\/okidok.fr\/audincourt\/?s={search_term_string}"},"query-input":{"@type":"PropertyValueSpecification","valueRequired":true,"valueName":"search_term_string"}}],"inLanguage":"fr-FR"}]}},"_links":{"self":[{"href":"https:\/\/okidok.fr\/audincourt\/wp-json\/wp\/v2\/pages\/370","targetHints":{"allow":["GET"]}}],"collection":[{"href":"https:\/\/okidok.fr\/audincourt\/wp-json\/wp\/v2\/pages"}],"about":[{"href":"https:\/\/okidok.fr\/audincourt\/wp-json\/wp\/v2\/types\/page"}],"author":[{"embeddable":true,"href":"https:\/\/okidok.fr\/audincourt\/wp-json\/wp\/v2\/users\/1"}],"replies":[{"embeddable":true,"href":"https:\/\/okidok.fr\/audincourt\/wp-json\/wp\/v2\/comments?post=370"}],"version-history":[{"count":2,"href":"https:\/\/okidok.fr\/audincourt\/wp-json\/wp\/v2\/pages\/370\/revisions"}],"predecessor-version":[{"id":1612,"href":"https:\/\/okidok.fr\/audincourt\/wp-json\/wp\/v2\/pages\/370\/revisions\/1612"}],"wp:attachment":[{"href":"https:\/\/okidok.fr\/audincourt\/wp-json\/wp\/v2\/media?parent=370"}],"curies":[{"name":"wp","href":"https:\/\/api.w.org\/{rel}","templated":true}]}}