{"id":373,"date":"2020-11-15T16:22:24","date_gmt":"2020-11-15T15:22:24","guid":{"rendered":"https:\/\/okidok.ce-soft.info\/audincourt\/?page_id=373"},"modified":"2024-05-21T11:56:00","modified_gmt":"2024-05-21T09:56:00","slug":"politique-de-confidentialite","status":"publish","type":"page","link":"https:\/\/okidok.fr\/audincourt\/politique-de-confidentialite\/","title":{"rendered":"Politique de confidentialit\u00e9"},"content":{"rendered":"\n<h2 class=\"wp-block-heading\">Introduction<\/h2>\n\n\n\n<p>Dans le cadre de son activit\u00e9, la soci\u00e9t\u00e9  LA BOITE AUX ENFANTS, dont le si\u00e8ge social est situ\u00e9 1 rue Gozlin 75006 Paris, est amen\u00e9e \u00e0 collecter et \u00e0 traiter des informations dont certaines sont qualifi\u00e9es de \u00ab\u00a0donn\u00e9es personnelles\u00a0\u00bb.  LA BOITE AUX ENFANTS attache une grande importance au respect de la vie priv\u00e9e, et n\u2019utilise que des donnes de mani\u00e8re responsable et confidentielle et dans une finalit\u00e9 pr\u00e9cise.<\/p>\n\n\n\n<h2 class=\"wp-block-heading\">Donn\u00e9es personnelles<\/h2>\n\n\n\n<p>Sur le site web okidok.fr\/audincourt, il y a 2 types de donn\u00e9es susceptibles d\u2019\u00eatre recueillies :<\/p>\n\n\n\n<h3 class=\"wp-block-heading\">Les donn\u00e9es transmises directement<\/h3>\n\n\n\n<p>Ces donn\u00e9es sont celles que vous nous transmettez directement, via un formulaire de contact ou bien par contact direct par email. <\/p>\n\n\n\n<h3 class=\"wp-block-heading\">Les donn\u00e9es collect\u00e9es automatiquement<\/h3>\n\n\n\n<p>Lors de vos visites, une fois votre consentement donn\u00e9, nous pouvons recueillir des informations de type \u00ab web analytics \u00bb relatives \u00e0 votre navigation, la dur\u00e9e de votre consultation, votre adresse IP, votre type et version de navigateur. La technologie utilis\u00e9e est le cookie.<\/p>\n\n\n\n<h2 class=\"wp-block-heading\">Utilisation des donn\u00e9es<\/h2>\n\n\n\n<p>Les donn\u00e9es que vous nous transmettez directement sont utilis\u00e9es dans le but de vous re-contacter et\/ou dans le cadre de la demande que vous nous faites. Les donn\u00e9es \u00ab web analytics \u00bb sont collect\u00e9es de forme anonyme (en enregistrant des adresses IP anonymes) par Google Analytics, et nous permettent de mesurer l&rsquo;audience de notre site web, les consultations et les \u00e9ventuelles erreurs afin d\u2019am\u00e9liorer constamment l\u2019exp\u00e9rience des utilisateurs. Ces donn\u00e9es sont utilis\u00e9es par  LA BOITE AUX ENFANTS, responsable du traitement des donn\u00e9es, et ne seront jamais c\u00e9d\u00e9es \u00e0 un tiers ni utilis\u00e9es \u00e0 d\u2019autres fins que celles d\u00e9taill\u00e9es ci-dessus.<\/p>\n\n\n\n<h2 class=\"wp-block-heading\">Base l\u00e9gale<\/h2>\n\n\n\n<p>Les donn\u00e9es personnelles ne sont collect\u00e9es qu\u2019apr\u00e8s consentement obligatoire de l\u2019utilisateur. Ce consentement est valablement recueilli (boutons et cases \u00e0 cocher), libre, clair et sans \u00e9quivoque.<\/p>\n\n\n\n<h2 class=\"wp-block-heading\">Dur\u00e9e de conservation<\/h2>\n\n\n\n<p>Les donn\u00e9es seront sauvegard\u00e9es durant une dur\u00e9e maximale de 3 ans.<\/p>\n\n\n\n<h2 class=\"wp-block-heading\">Cookies<\/h2>\n\n\n\n<p>Voici la liste des cookies utilis\u00e9es et leur objectif :<\/p>\n\n\n\n<ul class=\"wp-block-list\">\n<li>Cookies Google Analytics (liste exhaustive) : Web analytics<\/li>\n\n\n\n<li>RGPD\/CCPA : Permet de garder en m\u00e9moire le fait que vous acceptez les cookies afin de ne plus vous importuner lors de votre prochaine visite.<\/li>\n<\/ul>\n\n\n\n<h2 class=\"wp-block-heading\">Vos droits concernant les donn\u00e9es personnelles<\/h2>\n\n\n\n<p>Vous avez le droit de consultation, demande de modification ou d\u2019effacement sur l\u2019ensemble de vos donn\u00e9es personnelles. Vous pouvez \u00e9galement retirer votre consentement au traitement de vos donn\u00e9es.<\/p>\n\n\n\n<h2 class=\"wp-block-heading\">Contact d\u00e9l\u00e9gu\u00e9 \u00e0 la protection des donn\u00e9es<\/h2>\n\n\n\n<p>communication@laboiteauxenfants.fr<\/p>\n","protected":false},"excerpt":{"rendered":"<p>Introduction Dans le cadre de son activit\u00e9, la soci\u00e9t\u00e9 LA BOITE AUX ENFANTS, dont le si\u00e8ge social est situ\u00e9 1 rue Gozlin 75006 Paris, est amen\u00e9e \u00e0 collecter et \u00e0 traiter des informations dont certaines sont qualifi\u00e9es de \u00ab\u00a0donn\u00e9es personnelles\u00a0\u00bb. LA BOITE AUX ENFANTS attache une grande importance au respect de la vie priv\u00e9e, et [&hellip;]<\/p>\n","protected":false},"author":1,"featured_media":0,"parent":0,"menu_order":0,"comment_status":"closed","ping_status":"closed","template":"","meta":{"footnotes":""},"class_list":["post-373","page","type-page","status-publish","hentry"],"yoast_head":"<!-- This site is optimized with the Yoast SEO plugin v26.9 - https:\/\/yoast.com\/product\/yoast-seo-wordpress\/ -->\n<title>Politique de confidentialit\u00e9 - Audincourt<\/title>\n<meta name=\"robots\" content=\"index, follow, max-snippet:-1, max-image-preview:large, max-video-preview:-1\" \/>\n<link rel=\"canonical\" href=\"https:\/\/okidok.fr\/audincourt\/politique-de-confidentialite\/\" \/>\n<meta property=\"og:locale\" content=\"fr_FR\" \/>\n<meta property=\"og:type\" content=\"article\" \/>\n<meta property=\"og:title\" content=\"Politique de confidentialit\u00e9 - Audincourt\" \/>\n<meta property=\"og:description\" content=\"Introduction Dans le cadre de son activit\u00e9, la soci\u00e9t\u00e9 LA BOITE AUX ENFANTS, dont le si\u00e8ge social est situ\u00e9 1 rue Gozlin 75006 Paris, est amen\u00e9e \u00e0 collecter et \u00e0 traiter des informations dont certaines sont qualifi\u00e9es de \u00ab\u00a0donn\u00e9es personnelles\u00a0\u00bb. LA BOITE AUX ENFANTS attache une grande importance au respect de la vie priv\u00e9e, et [&hellip;]\" \/>\n<meta property=\"og:url\" content=\"https:\/\/okidok.fr\/audincourt\/politique-de-confidentialite\/\" \/>\n<meta property=\"og:site_name\" content=\"Audincourt\" \/>\n<meta property=\"article:modified_time\" content=\"2024-05-21T09:56:00+00:00\" \/>\n<meta name=\"twitter:card\" content=\"summary_large_image\" \/>\n<meta name=\"twitter:label1\" content=\"Dur\u00e9e de lecture estim\u00e9e\" \/>\n\t<meta name=\"twitter:data1\" content=\"2 minutes\" \/>\n<script type=\"application\/ld+json\" class=\"yoast-schema-graph\">{\"@context\":\"https:\/\/schema.org\",\"@graph\":[{\"@type\":\"WebPage\",\"@id\":\"https:\/\/okidok.fr\/audincourt\/politique-de-confidentialite\/\",\"url\":\"https:\/\/okidok.fr\/audincourt\/politique-de-confidentialite\/\",\"name\":\"Politique de confidentialit\u00e9 - Audincourt\",\"isPartOf\":{\"@id\":\"https:\/\/okidok.fr\/audincourt\/#website\"},\"datePublished\":\"2020-11-15T15:22:24+00:00\",\"dateModified\":\"2024-05-21T09:56:00+00:00\",\"breadcrumb\":{\"@id\":\"https:\/\/okidok.fr\/audincourt\/politique-de-confidentialite\/#breadcrumb\"},\"inLanguage\":\"fr-FR\",\"potentialAction\":[{\"@type\":\"ReadAction\",\"target\":[\"https:\/\/okidok.fr\/audincourt\/politique-de-confidentialite\/\"]}]},{\"@type\":\"BreadcrumbList\",\"@id\":\"https:\/\/okidok.fr\/audincourt\/politique-de-confidentialite\/#breadcrumb\",\"itemListElement\":[{\"@type\":\"ListItem\",\"position\":1,\"name\":\"Accueil\",\"item\":\"https:\/\/okidok.fr\/audincourt\/\"},{\"@type\":\"ListItem\",\"position\":2,\"name\":\"Politique de confidentialit\u00e9\"}]},{\"@type\":\"WebSite\",\"@id\":\"https:\/\/okidok.fr\/audincourt\/#website\",\"url\":\"https:\/\/okidok.fr\/audincourt\/\",\"name\":\"Audincourt\",\"description\":\"Un parc OKIDOK\",\"potentialAction\":[{\"@type\":\"SearchAction\",\"target\":{\"@type\":\"EntryPoint\",\"urlTemplate\":\"https:\/\/okidok.fr\/audincourt\/?s={search_term_string}\"},\"query-input\":{\"@type\":\"PropertyValueSpecification\",\"valueRequired\":true,\"valueName\":\"search_term_string\"}}],\"inLanguage\":\"fr-FR\"}]}<\/script>\n<!-- \/ Yoast SEO plugin. -->","yoast_head_json":{"title":"Politique de confidentialit\u00e9 - Audincourt","robots":{"index":"index","follow":"follow","max-snippet":"max-snippet:-1","max-image-preview":"max-image-preview:large","max-video-preview":"max-video-preview:-1"},"canonical":"https:\/\/okidok.fr\/audincourt\/politique-de-confidentialite\/","og_locale":"fr_FR","og_type":"article","og_title":"Politique de confidentialit\u00e9 - Audincourt","og_description":"Introduction Dans le cadre de son activit\u00e9, la soci\u00e9t\u00e9 LA BOITE AUX ENFANTS, dont le si\u00e8ge social est situ\u00e9 1 rue Gozlin 75006 Paris, est amen\u00e9e \u00e0 collecter et \u00e0 traiter des informations dont certaines sont qualifi\u00e9es de \u00ab\u00a0donn\u00e9es personnelles\u00a0\u00bb. LA BOITE AUX ENFANTS attache une grande importance au respect de la vie priv\u00e9e, et [&hellip;]","og_url":"https:\/\/okidok.fr\/audincourt\/politique-de-confidentialite\/","og_site_name":"Audincourt","article_modified_time":"2024-05-21T09:56:00+00:00","twitter_card":"summary_large_image","twitter_misc":{"Dur\u00e9e de lecture estim\u00e9e":"2 minutes"},"schema":{"@context":"https:\/\/schema.org","@graph":[{"@type":"WebPage","@id":"https:\/\/okidok.fr\/audincourt\/politique-de-confidentialite\/","url":"https:\/\/okidok.fr\/audincourt\/politique-de-confidentialite\/","name":"Politique de confidentialit\u00e9 - Audincourt","isPartOf":{"@id":"https:\/\/okidok.fr\/audincourt\/#website"},"datePublished":"2020-11-15T15:22:24+00:00","dateModified":"2024-05-21T09:56:00+00:00","breadcrumb":{"@id":"https:\/\/okidok.fr\/audincourt\/politique-de-confidentialite\/#breadcrumb"},"inLanguage":"fr-FR","potentialAction":[{"@type":"ReadAction","target":["https:\/\/okidok.fr\/audincourt\/politique-de-confidentialite\/"]}]},{"@type":"BreadcrumbList","@id":"https:\/\/okidok.fr\/audincourt\/politique-de-confidentialite\/#breadcrumb","itemListElement":[{"@type":"ListItem","position":1,"name":"Accueil","item":"https:\/\/okidok.fr\/audincourt\/"},{"@type":"ListItem","position":2,"name":"Politique de confidentialit\u00e9"}]},{"@type":"WebSite","@id":"https:\/\/okidok.fr\/audincourt\/#website","url":"https:\/\/okidok.fr\/audincourt\/","name":"Audincourt","description":"Un parc OKIDOK","potentialAction":[{"@type":"SearchAction","target":{"@type":"EntryPoint","urlTemplate":"https:\/\/okidok.fr\/audincourt\/?s={search_term_string}"},"query-input":{"@type":"PropertyValueSpecification","valueRequired":true,"valueName":"search_term_string"}}],"inLanguage":"fr-FR"}]}},"_links":{"self":[{"href":"https:\/\/okidok.fr\/audincourt\/wp-json\/wp\/v2\/pages\/373","targetHints":{"allow":["GET"]}}],"collection":[{"href":"https:\/\/okidok.fr\/audincourt\/wp-json\/wp\/v2\/pages"}],"about":[{"href":"https:\/\/okidok.fr\/audincourt\/wp-json\/wp\/v2\/types\/page"}],"author":[{"embeddable":true,"href":"https:\/\/okidok.fr\/audincourt\/wp-json\/wp\/v2\/users\/1"}],"replies":[{"embeddable":true,"href":"https:\/\/okidok.fr\/audincourt\/wp-json\/wp\/v2\/comments?post=373"}],"version-history":[{"count":2,"href":"https:\/\/okidok.fr\/audincourt\/wp-json\/wp\/v2\/pages\/373\/revisions"}],"predecessor-version":[{"id":1615,"href":"https:\/\/okidok.fr\/audincourt\/wp-json\/wp\/v2\/pages\/373\/revisions\/1615"}],"wp:attachment":[{"href":"https:\/\/okidok.fr\/audincourt\/wp-json\/wp\/v2\/media?parent=373"}],"curies":[{"name":"wp","href":"https:\/\/api.w.org\/{rel}","templated":true}]}}