{"id":341,"date":"2020-11-15T19:19:00","date_gmt":"2020-11-15T18:19:00","guid":{"rendered":"https:\/\/okidok.ce-soft.info\/colmar\/?page_id=341"},"modified":"2020-11-15T19:19:03","modified_gmt":"2020-11-15T18:19:03","slug":"mentions-legales","status":"publish","type":"page","link":"https:\/\/okidok.fr\/colmar\/mentions-legales\/","title":{"rendered":"Mentions l\u00e9gales"},"content":{"rendered":"\n<h2 class=\"wp-block-heading\">Propri\u00e9taire :<\/h2>\n\n\n\n<p>OKI COLMAR<br>Espace Korzilius<br>2 rue Kiener<br>68000 COLMAR<\/p>\n\n\n\n<h2 class=\"wp-block-heading\">Editeur :<\/h2>\n\n\n\n<p>OKI COLMAR<br>Espace Korzilius<br>2 rue Kiener<br>68000 COLMAR<\/p>\n\n\n\n<p>Thierry GRAEFF<br>06 80 25 52 39<br>thierry.graeff9@orange.fr<\/p>\n\n\n\n<h2 class=\"wp-block-heading\">H\u00e9bergement du site :<\/h2>\n\n\n\n<p>Le site est h\u00e9berg\u00e9 par :<br>CE SOFT<br>5A Rue KLEB<br>68920 WETTOLSHEIM<br>France<\/p>\n\n\n\n<h2 class=\"wp-block-heading\">Important :<\/h2>\n\n\n\n<p>Les droits de propri\u00e9t\u00e9 intellectuelle aff\u00e9rents au site okidok.fr\/colmar appartiennent \u00e0 \u00a0Thierry GRAEFF.<br>Toute utilisation, reproduction, diffusion, commercialisation, modification de toute ou partie du site, sans l\u2019autorisation de Thierry GRAEFF est prohib\u00e9e et pourra entra\u00eener des actions et poursuites judiciaires telles que notamment pr\u00e9vues par le code de la propri\u00e9t\u00e9 intellectuelle et\/ou le code civil.<\/p>\n","protected":false},"excerpt":{"rendered":"<p>Propri\u00e9taire : OKI COLMAREspace Korzilius2 rue Kiener68000 COLMAR Editeur : OKI COLMAREspace Korzilius2 rue Kiener68000 COLMAR Thierry GRAEFF06 80 25 52 39thierry.graeff9@orange.fr H\u00e9bergement du site : Le site est h\u00e9berg\u00e9 par :CE SOFT5A Rue KLEB68920 WETTOLSHEIMFrance Important : Les droits de propri\u00e9t\u00e9 intellectuelle aff\u00e9rents au site okidok.fr\/colmar appartiennent \u00e0 \u00a0Thierry GRAEFF.Toute utilisation, reproduction, diffusion, commercialisation, [&hellip;]<\/p>\n","protected":false},"author":1,"featured_media":0,"parent":0,"menu_order":0,"comment_status":"closed","ping_status":"closed","template":"","meta":{"footnotes":""},"class_list":["post-341","page","type-page","status-publish","hentry"],"yoast_head":"<!-- This site is optimized with the Yoast SEO plugin v26.9 - https:\/\/yoast.com\/product\/yoast-seo-wordpress\/ -->\n<title>Mentions l\u00e9gales - Colmar<\/title>\n<meta name=\"robots\" content=\"index, follow, max-snippet:-1, max-image-preview:large, max-video-preview:-1\" \/>\n<link rel=\"canonical\" href=\"https:\/\/okidok.fr\/colmar\/mentions-legales\/\" \/>\n<meta property=\"og:locale\" content=\"fr_FR\" \/>\n<meta property=\"og:type\" content=\"article\" \/>\n<meta property=\"og:title\" content=\"Mentions l\u00e9gales - Colmar\" \/>\n<meta property=\"og:description\" content=\"Propri\u00e9taire : OKI COLMAREspace Korzilius2 rue Kiener68000 COLMAR Editeur : OKI COLMAREspace Korzilius2 rue Kiener68000 COLMAR Thierry GRAEFF06 80 25 52 39thierry.graeff9@orange.fr H\u00e9bergement du site : Le site est h\u00e9berg\u00e9 par :CE SOFT5A Rue KLEB68920 WETTOLSHEIMFrance Important : Les droits de propri\u00e9t\u00e9 intellectuelle aff\u00e9rents au site okidok.fr\/colmar appartiennent \u00e0 \u00a0Thierry GRAEFF.Toute utilisation, reproduction, diffusion, commercialisation, [&hellip;]\" \/>\n<meta property=\"og:url\" content=\"https:\/\/okidok.fr\/colmar\/mentions-legales\/\" \/>\n<meta property=\"og:site_name\" content=\"Colmar\" \/>\n<meta property=\"article:modified_time\" content=\"2020-11-15T18:19:03+00:00\" \/>\n<meta name=\"twitter:card\" content=\"summary_large_image\" \/>\n<meta name=\"twitter:label1\" content=\"Dur\u00e9e de lecture estim\u00e9e\" \/>\n\t<meta name=\"twitter:data1\" content=\"1 minute\" \/>\n<script type=\"application\/ld+json\" class=\"yoast-schema-graph\">{\"@context\":\"https:\/\/schema.org\",\"@graph\":[{\"@type\":\"WebPage\",\"@id\":\"https:\/\/okidok.fr\/colmar\/mentions-legales\/\",\"url\":\"https:\/\/okidok.fr\/colmar\/mentions-legales\/\",\"name\":\"Mentions l\u00e9gales - Colmar\",\"isPartOf\":{\"@id\":\"https:\/\/okidok.fr\/colmar\/#website\"},\"datePublished\":\"2020-11-15T18:19:00+00:00\",\"dateModified\":\"2020-11-15T18:19:03+00:00\",\"breadcrumb\":{\"@id\":\"https:\/\/okidok.fr\/colmar\/mentions-legales\/#breadcrumb\"},\"inLanguage\":\"fr-FR\",\"potentialAction\":[{\"@type\":\"ReadAction\",\"target\":[\"https:\/\/okidok.fr\/colmar\/mentions-legales\/\"]}]},{\"@type\":\"BreadcrumbList\",\"@id\":\"https:\/\/okidok.fr\/colmar\/mentions-legales\/#breadcrumb\",\"itemListElement\":[{\"@type\":\"ListItem\",\"position\":1,\"name\":\"Accueil\",\"item\":\"https:\/\/okidok.fr\/colmar\/\"},{\"@type\":\"ListItem\",\"position\":2,\"name\":\"Mentions l\u00e9gales\"}]},{\"@type\":\"WebSite\",\"@id\":\"https:\/\/okidok.fr\/colmar\/#website\",\"url\":\"https:\/\/okidok.fr\/colmar\/\",\"name\":\"Colmar\",\"description\":\"Un parc OKIDOK\",\"potentialAction\":[{\"@type\":\"SearchAction\",\"target\":{\"@type\":\"EntryPoint\",\"urlTemplate\":\"https:\/\/okidok.fr\/colmar\/?s={search_term_string}\"},\"query-input\":{\"@type\":\"PropertyValueSpecification\",\"valueRequired\":true,\"valueName\":\"search_term_string\"}}],\"inLanguage\":\"fr-FR\"}]}<\/script>\n<!-- \/ Yoast SEO plugin. -->","yoast_head_json":{"title":"Mentions l\u00e9gales - Colmar","robots":{"index":"index","follow":"follow","max-snippet":"max-snippet:-1","max-image-preview":"max-image-preview:large","max-video-preview":"max-video-preview:-1"},"canonical":"https:\/\/okidok.fr\/colmar\/mentions-legales\/","og_locale":"fr_FR","og_type":"article","og_title":"Mentions l\u00e9gales - Colmar","og_description":"Propri\u00e9taire : OKI COLMAREspace Korzilius2 rue Kiener68000 COLMAR Editeur : OKI COLMAREspace Korzilius2 rue Kiener68000 COLMAR Thierry GRAEFF06 80 25 52 39thierry.graeff9@orange.fr H\u00e9bergement du site : Le site est h\u00e9berg\u00e9 par :CE SOFT5A Rue KLEB68920 WETTOLSHEIMFrance Important : Les droits de propri\u00e9t\u00e9 intellectuelle aff\u00e9rents au site okidok.fr\/colmar appartiennent \u00e0 \u00a0Thierry GRAEFF.Toute utilisation, reproduction, diffusion, commercialisation, [&hellip;]","og_url":"https:\/\/okidok.fr\/colmar\/mentions-legales\/","og_site_name":"Colmar","article_modified_time":"2020-11-15T18:19:03+00:00","twitter_card":"summary_large_image","twitter_misc":{"Dur\u00e9e de lecture estim\u00e9e":"1 minute"},"schema":{"@context":"https:\/\/schema.org","@graph":[{"@type":"WebPage","@id":"https:\/\/okidok.fr\/colmar\/mentions-legales\/","url":"https:\/\/okidok.fr\/colmar\/mentions-legales\/","name":"Mentions l\u00e9gales - Colmar","isPartOf":{"@id":"https:\/\/okidok.fr\/colmar\/#website"},"datePublished":"2020-11-15T18:19:00+00:00","dateModified":"2020-11-15T18:19:03+00:00","breadcrumb":{"@id":"https:\/\/okidok.fr\/colmar\/mentions-legales\/#breadcrumb"},"inLanguage":"fr-FR","potentialAction":[{"@type":"ReadAction","target":["https:\/\/okidok.fr\/colmar\/mentions-legales\/"]}]},{"@type":"BreadcrumbList","@id":"https:\/\/okidok.fr\/colmar\/mentions-legales\/#breadcrumb","itemListElement":[{"@type":"ListItem","position":1,"name":"Accueil","item":"https:\/\/okidok.fr\/colmar\/"},{"@type":"ListItem","position":2,"name":"Mentions l\u00e9gales"}]},{"@type":"WebSite","@id":"https:\/\/okidok.fr\/colmar\/#website","url":"https:\/\/okidok.fr\/colmar\/","name":"Colmar","description":"Un parc OKIDOK","potentialAction":[{"@type":"SearchAction","target":{"@type":"EntryPoint","urlTemplate":"https:\/\/okidok.fr\/colmar\/?s={search_term_string}"},"query-input":{"@type":"PropertyValueSpecification","valueRequired":true,"valueName":"search_term_string"}}],"inLanguage":"fr-FR"}]}},"_links":{"self":[{"href":"https:\/\/okidok.fr\/colmar\/wp-json\/wp\/v2\/pages\/341","targetHints":{"allow":["GET"]}}],"collection":[{"href":"https:\/\/okidok.fr\/colmar\/wp-json\/wp\/v2\/pages"}],"about":[{"href":"https:\/\/okidok.fr\/colmar\/wp-json\/wp\/v2\/types\/page"}],"author":[{"embeddable":true,"href":"https:\/\/okidok.fr\/colmar\/wp-json\/wp\/v2\/users\/1"}],"replies":[{"embeddable":true,"href":"https:\/\/okidok.fr\/colmar\/wp-json\/wp\/v2\/comments?post=341"}],"version-history":[{"count":1,"href":"https:\/\/okidok.fr\/colmar\/wp-json\/wp\/v2\/pages\/341\/revisions"}],"predecessor-version":[{"id":342,"href":"https:\/\/okidok.fr\/colmar\/wp-json\/wp\/v2\/pages\/341\/revisions\/342"}],"wp:attachment":[{"href":"https:\/\/okidok.fr\/colmar\/wp-json\/wp\/v2\/media?parent=341"}],"curies":[{"name":"wp","href":"https:\/\/api.w.org\/{rel}","templated":true}]}}