{"id":342,"date":"2020-11-15T19:21:33","date_gmt":"2020-11-15T18:21:33","guid":{"rendered":"https:\/\/okidok.ce-soft.info\/metz\/?page_id=342"},"modified":"2024-11-08T13:51:16","modified_gmt":"2024-11-08T12:51:16","slug":"mentions-legales","status":"publish","type":"page","link":"https:\/\/okidok.fr\/metz\/mentions-legales\/","title":{"rendered":"Mentions l\u00e9gales"},"content":{"rendered":"\n<h2 class=\"wp-block-heading\">Propri\u00e9taire :<\/h2>\n\n\n\n<p>NEA PARK<br>ZA La Rotonde<br>Route de Jouy<br>57160 Moulins-l\u00e8s-METZ<\/p>\n\n\n\n<h2 class=\"wp-block-heading\">Editeur :<\/h2>\n\n\n\n<p>NEA PARK<br>ZA La Rotonde<br>Route de Jouy<br>57160 Moulins-l\u00e8s-METZ<\/p>\n\n\n\n<p>Mme BERAIN Aur\u00e9lie et M. BERAIN Emmanuel<br>06 03 39 10 33<br>neaparkokidok@gmail.com<\/p>\n\n\n\n<h2 class=\"wp-block-heading\">H\u00e9bergement du site :<\/h2>\n\n\n\n<p>Le site est h\u00e9berg\u00e9 par :<br>CE SOFT<br>28 route du Vin<br>68920 WETTOLSHEIM<br>France<\/p>\n\n\n\n<h2 class=\"wp-block-heading\">Important :<\/h2>\n\n\n\n<p>Les droits de propri\u00e9t\u00e9 intellectuelle aff\u00e9rents au site okidok.fr\/metz appartiennent \u00e0\u00a0Mme BERAIN Aur\u00e9lie et M. BERAIN Emmanuel.<br>Toute utilisation, reproduction, diffusion, commercialisation, modification de toute ou partie du site, sans l\u2019autorisation de Mme BERAIN Aur\u00e9lie et M. BERAIN Emmanuel est prohib\u00e9e et pourra entra\u00eener des actions et poursuites judiciaires telles que notamment pr\u00e9vues par le code de la propri\u00e9t\u00e9 intellectuelle et\/ou le code civil.<\/p>\n","protected":false},"excerpt":{"rendered":"<p>Propri\u00e9taire : NEA PARKZA La RotondeRoute de Jouy57160 Moulins-l\u00e8s-METZ Editeur : NEA PARKZA La RotondeRoute de Jouy57160 Moulins-l\u00e8s-METZ Mme BERAIN Aur\u00e9lie et M. BERAIN Emmanuel06 03 39 10 33neaparkokidok@gmail.com H\u00e9bergement du site : Le site est h\u00e9berg\u00e9 par :CE SOFT28 route du Vin68920 WETTOLSHEIMFrance Important : Les droits de propri\u00e9t\u00e9 intellectuelle aff\u00e9rents au site okidok.fr\/metz [&hellip;]<\/p>\n","protected":false},"author":1,"featured_media":0,"parent":0,"menu_order":0,"comment_status":"closed","ping_status":"closed","template":"","meta":{"footnotes":""},"class_list":["post-342","page","type-page","status-publish","hentry"],"yoast_head":"<!-- This site is optimized with the Yoast SEO plugin v26.9 - https:\/\/yoast.com\/product\/yoast-seo-wordpress\/ -->\n<title>Mentions l\u00e9gales - Metz<\/title>\n<meta name=\"robots\" content=\"index, follow, max-snippet:-1, max-image-preview:large, max-video-preview:-1\" \/>\n<link rel=\"canonical\" href=\"https:\/\/okidok.fr\/metz\/mentions-legales\/\" \/>\n<meta property=\"og:locale\" content=\"fr_FR\" \/>\n<meta property=\"og:type\" content=\"article\" \/>\n<meta property=\"og:title\" content=\"Mentions l\u00e9gales - Metz\" \/>\n<meta property=\"og:description\" content=\"Propri\u00e9taire : NEA PARKZA La RotondeRoute de Jouy57160 Moulins-l\u00e8s-METZ Editeur : NEA PARKZA La RotondeRoute de Jouy57160 Moulins-l\u00e8s-METZ Mme BERAIN Aur\u00e9lie et M. BERAIN Emmanuel06 03 39 10 33neaparkokidok@gmail.com H\u00e9bergement du site : Le site est h\u00e9berg\u00e9 par :CE SOFT28 route du Vin68920 WETTOLSHEIMFrance Important : Les droits de propri\u00e9t\u00e9 intellectuelle aff\u00e9rents au site okidok.fr\/metz [&hellip;]\" \/>\n<meta property=\"og:url\" content=\"https:\/\/okidok.fr\/metz\/mentions-legales\/\" \/>\n<meta property=\"og:site_name\" content=\"Metz\" \/>\n<meta property=\"article:modified_time\" content=\"2024-11-08T12:51:16+00:00\" \/>\n<meta name=\"twitter:card\" content=\"summary_large_image\" \/>\n<meta name=\"twitter:label1\" content=\"Dur\u00e9e de lecture estim\u00e9e\" \/>\n\t<meta name=\"twitter:data1\" content=\"1 minute\" \/>\n<script type=\"application\/ld+json\" class=\"yoast-schema-graph\">{\"@context\":\"https:\/\/schema.org\",\"@graph\":[{\"@type\":\"WebPage\",\"@id\":\"https:\/\/okidok.fr\/metz\/mentions-legales\/\",\"url\":\"https:\/\/okidok.fr\/metz\/mentions-legales\/\",\"name\":\"Mentions l\u00e9gales - Metz\",\"isPartOf\":{\"@id\":\"https:\/\/okidok.fr\/metz\/#website\"},\"datePublished\":\"2020-11-15T18:21:33+00:00\",\"dateModified\":\"2024-11-08T12:51:16+00:00\",\"breadcrumb\":{\"@id\":\"https:\/\/okidok.fr\/metz\/mentions-legales\/#breadcrumb\"},\"inLanguage\":\"fr-FR\",\"potentialAction\":[{\"@type\":\"ReadAction\",\"target\":[\"https:\/\/okidok.fr\/metz\/mentions-legales\/\"]}]},{\"@type\":\"BreadcrumbList\",\"@id\":\"https:\/\/okidok.fr\/metz\/mentions-legales\/#breadcrumb\",\"itemListElement\":[{\"@type\":\"ListItem\",\"position\":1,\"name\":\"Accueil\",\"item\":\"https:\/\/okidok.fr\/metz\/\"},{\"@type\":\"ListItem\",\"position\":2,\"name\":\"Mentions l\u00e9gales\"}]},{\"@type\":\"WebSite\",\"@id\":\"https:\/\/okidok.fr\/metz\/#website\",\"url\":\"https:\/\/okidok.fr\/metz\/\",\"name\":\"Metz\",\"description\":\"Un parc OKIDOK\",\"potentialAction\":[{\"@type\":\"SearchAction\",\"target\":{\"@type\":\"EntryPoint\",\"urlTemplate\":\"https:\/\/okidok.fr\/metz\/?s={search_term_string}\"},\"query-input\":{\"@type\":\"PropertyValueSpecification\",\"valueRequired\":true,\"valueName\":\"search_term_string\"}}],\"inLanguage\":\"fr-FR\"}]}<\/script>\n<!-- \/ Yoast SEO plugin. -->","yoast_head_json":{"title":"Mentions l\u00e9gales - Metz","robots":{"index":"index","follow":"follow","max-snippet":"max-snippet:-1","max-image-preview":"max-image-preview:large","max-video-preview":"max-video-preview:-1"},"canonical":"https:\/\/okidok.fr\/metz\/mentions-legales\/","og_locale":"fr_FR","og_type":"article","og_title":"Mentions l\u00e9gales - Metz","og_description":"Propri\u00e9taire : NEA PARKZA La RotondeRoute de Jouy57160 Moulins-l\u00e8s-METZ Editeur : NEA PARKZA La RotondeRoute de Jouy57160 Moulins-l\u00e8s-METZ Mme BERAIN Aur\u00e9lie et M. BERAIN Emmanuel06 03 39 10 33neaparkokidok@gmail.com H\u00e9bergement du site : Le site est h\u00e9berg\u00e9 par :CE SOFT28 route du Vin68920 WETTOLSHEIMFrance Important : Les droits de propri\u00e9t\u00e9 intellectuelle aff\u00e9rents au site okidok.fr\/metz [&hellip;]","og_url":"https:\/\/okidok.fr\/metz\/mentions-legales\/","og_site_name":"Metz","article_modified_time":"2024-11-08T12:51:16+00:00","twitter_card":"summary_large_image","twitter_misc":{"Dur\u00e9e de lecture estim\u00e9e":"1 minute"},"schema":{"@context":"https:\/\/schema.org","@graph":[{"@type":"WebPage","@id":"https:\/\/okidok.fr\/metz\/mentions-legales\/","url":"https:\/\/okidok.fr\/metz\/mentions-legales\/","name":"Mentions l\u00e9gales - Metz","isPartOf":{"@id":"https:\/\/okidok.fr\/metz\/#website"},"datePublished":"2020-11-15T18:21:33+00:00","dateModified":"2024-11-08T12:51:16+00:00","breadcrumb":{"@id":"https:\/\/okidok.fr\/metz\/mentions-legales\/#breadcrumb"},"inLanguage":"fr-FR","potentialAction":[{"@type":"ReadAction","target":["https:\/\/okidok.fr\/metz\/mentions-legales\/"]}]},{"@type":"BreadcrumbList","@id":"https:\/\/okidok.fr\/metz\/mentions-legales\/#breadcrumb","itemListElement":[{"@type":"ListItem","position":1,"name":"Accueil","item":"https:\/\/okidok.fr\/metz\/"},{"@type":"ListItem","position":2,"name":"Mentions l\u00e9gales"}]},{"@type":"WebSite","@id":"https:\/\/okidok.fr\/metz\/#website","url":"https:\/\/okidok.fr\/metz\/","name":"Metz","description":"Un parc OKIDOK","potentialAction":[{"@type":"SearchAction","target":{"@type":"EntryPoint","urlTemplate":"https:\/\/okidok.fr\/metz\/?s={search_term_string}"},"query-input":{"@type":"PropertyValueSpecification","valueRequired":true,"valueName":"search_term_string"}}],"inLanguage":"fr-FR"}]}},"_links":{"self":[{"href":"https:\/\/okidok.fr\/metz\/wp-json\/wp\/v2\/pages\/342","targetHints":{"allow":["GET"]}}],"collection":[{"href":"https:\/\/okidok.fr\/metz\/wp-json\/wp\/v2\/pages"}],"about":[{"href":"https:\/\/okidok.fr\/metz\/wp-json\/wp\/v2\/types\/page"}],"author":[{"embeddable":true,"href":"https:\/\/okidok.fr\/metz\/wp-json\/wp\/v2\/users\/1"}],"replies":[{"embeddable":true,"href":"https:\/\/okidok.fr\/metz\/wp-json\/wp\/v2\/comments?post=342"}],"version-history":[{"count":2,"href":"https:\/\/okidok.fr\/metz\/wp-json\/wp\/v2\/pages\/342\/revisions"}],"predecessor-version":[{"id":2489,"href":"https:\/\/okidok.fr\/metz\/wp-json\/wp\/v2\/pages\/342\/revisions\/2489"}],"wp:attachment":[{"href":"https:\/\/okidok.fr\/metz\/wp-json\/wp\/v2\/media?parent=342"}],"curies":[{"name":"wp","href":"https:\/\/api.w.org\/{rel}","templated":true}]}}